{"id":119,"date":"2020-02-12T13:52:01","date_gmt":"2020-02-12T12:52:01","guid":{"rendered":"https:\/\/hotelaatu.com\/?page_id=119"},"modified":"2023-04-20T15:13:41","modified_gmt":"2023-04-20T13:13:41","slug":"avisos-legals","status":"publish","type":"page","link":"https:\/\/hotelaatu.com\/cat\/avisos-legals\/","title":{"rendered":"Avisos Legals"},"content":{"rendered":"\t\t<div data-elementor-type=\"wp-page\" data-elementor-id=\"119\" class=\"elementor elementor-119\" data-elementor-post-type=\"page\">\n\t\t\t\t\t\t<section class=\"elementor-section elementor-top-section elementor-element elementor-element-14cc4e5 elementor-section-boxed elementor-section-height-default elementor-section-height-default\" data-id=\"14cc4e5\" data-element_type=\"section\" data-e-type=\"section\">\n\t\t\t\t\t\t<div class=\"elementor-container elementor-column-gap-default\">\n\t\t\t\t\t<div class=\"elementor-column elementor-col-100 elementor-top-column elementor-element elementor-element-79a79df\" data-id=\"79a79df\" data-element_type=\"column\" data-e-type=\"column\">\n\t\t\t<div class=\"elementor-widget-wrap elementor-element-populated\">\n\t\t\t\t\t\t<div class=\"elementor-element elementor-element-4a8543be elementor-widget elementor-widget-text-editor\" data-id=\"4a8543be\" data-element_type=\"widget\" data-e-type=\"widget\" data-widget_type=\"text-editor.default\">\n\t\t\t\t<div class=\"elementor-widget-container\">\n\t\t\t\t\t\t\t\t\t<h1><span class=\"HwtZe\" lang=\"ca\"><span class=\"jCAhz ChMk0b\"><span class=\"ryNqvb\">AV\u00cdS LEGAL I CONDICIONS GENERALS D&#8217;\u00daS<\/span><\/span><\/span><\/h1><p>www.hotelaatu.com<\/p><h2><span class=\"HwtZe\" lang=\"ca\"><span class=\"jCAhz ChMk0b\"><span class=\"ryNqvb\">I. INFORMACI\u00d3 GENERAL<\/span><\/span><\/span><\/h2><p><span class=\"HwtZe\" lang=\"ca\"><span class=\"jCAhz ChMk0b\"><span class=\"ryNqvb\">En compliment amb el deure informaci\u00f3 disposat a la Llei 34\/2002 de Serveis de la Societat de la Informaci\u00f3 i el Comer\u00e7 Electr\u00f2nic (LSSI-CE) d&#8217;11 de juliol, es faciliten a continuaci\u00f3 les dades d&#8217;informaci\u00f3 general seg\u00fcents d&#8217;aquest lloc web<\/span><\/span> <span class=\"jCAhz ChMk0b\"><span class=\"ryNqvb\">:<\/span><\/span> <span class=\"jCAhz ChMk0b\"><span class=\"ryNqvb\">La titularitat d&#8217;aquest lloc web, www.hotelaatu.com, (d&#8217;ara endavant, Lloc Web) l&#8217;ostenta: RUNE FORSBLOM, amb NIF: X1609026S, les dades de contacte de les quals s\u00f3n:<\/span><\/span> <span class=\"jCAhz ChMk0b\"><span class=\"ryNqvb\">Adre\u00e7a: Als afores S\/N &#8211; 17113 &#8211; Peratallada, Girona<\/span><\/span> <span class=\"jCAhz ChMk0b\"><span class=\"ryNqvb\">Tel\u00e8fon de contacte: +34 972634053<\/span><\/span> <span class=\"jCAhz ChMk0b\"><span class=\"ryNqvb\">Email de contacte: info@hotelaatu.com<\/span><\/span><\/span><\/p><h2><span class=\"HwtZe\" lang=\"ca\"><span class=\"jCAhz ChMk0b\"><span class=\"ryNqvb\">II.<\/span><\/span> <span class=\"jCAhz ChMk0b\"><span class=\"ryNqvb\">TERMES I CONDICIONS GENERALS D&#8217;\u00daS<\/span><\/span><\/span><\/h2><p>L&#8217;objecte de les condicions: El Lloc Web<\/p><p>L&#8217;objecte d&#8217;aquestes Condicions Generals d&#8217;\u00das (d&#8217;ara endavant, Condicions) \u00e9s regular l&#8217;acc\u00e9s i la utilitzaci\u00f3 del Lloc Web. Als efectes de les presents Condicions s&#8217;entendr\u00e0 com a Lloc Web: l&#8217;aparen\u00e7a externa de les interf\u00edcies de pantalla, tant de forma est\u00e0tica com de forma din\u00e0mica, \u00e9s a dir, l&#8217;arbre de navegaci\u00f3; i tots els elements integrats tant a les interf\u00edcies de pantalla com a l&#8217;arbre de navegaci\u00f3 (d&#8217;ara endavant, Continguts) i tots aquells serveis o recursos en l\u00ednia que si escau ofereixi als Usuaris (d&#8217;ara endavant, Serveis).<\/p><p>HOTEL AATU es reserva la facultat de modificar, en qualsevol moment, i sense av\u00eds previ, la presentaci\u00f3 i configuraci\u00f3 del Lloc Web i dels Continguts i Serveis que hi poguessin estar incorporats. L&#8217;Usuari reconeix i accepta que en qualsevol moment HOTEL AATU pugui interrompre, desactivar i\/o cancel\u00b7lar qualsevol d&#8217;aquests elements que s&#8217;integren al Lloc Web o accedir-hi.<\/p><p>L&#8217;acc\u00e9s al Lloc Web per l&#8217;Usuari t\u00e9 car\u00e0cter lliure i, per regla general, \u00e9s gratu\u00eft sense que l&#8217;Usuari hagi de proporcionar una contraprestaci\u00f3 per poder-ne gaudir, llevat del cost de connexi\u00f3 a trav\u00e9s de la xarxa de telecomunicacions subministrada pel prove\u00efdor d&#8217;acc\u00e9s que hagi contractat l&#8217;usuari.<\/p><p>La utilitzaci\u00f3 d&#8217;algun dels continguts o serveis del lloc web es pot fer mitjan\u00e7ant la subscripci\u00f3 o el registre previ de l&#8217;usuari.<\/p><p><span class=\"HwtZe\" lang=\"ca\"><span class=\"jCAhz ChMk0b\"><span class=\"ryNqvb\">L&#8217;Usuari<\/span><\/span> <span class=\"jCAhz ChMk0b\"><span class=\"ryNqvb\">L&#8217;acc\u00e9s, la navegaci\u00f3 i \u00fas del Lloc Web, confereix la condici\u00f3 d&#8217;Usuari, per la qual cosa s&#8217;accepten, des que s&#8217;inicia la navegaci\u00f3 pel Lloc Web, totes les Condicions aqu\u00ed establertes, aix\u00ed com les modificacions ulteriors, sense perjudici de la<\/span><\/span> <span class=\"jCAhz ChMk0b\"><span class=\"ryNqvb\">aplicaci\u00f3 de la corresponent normativa legal de compliment obligat segons el cas.<\/span><\/span> <span class=\"jCAhz ChMk0b\"><span class=\"ryNqvb\">Atesa la rellev\u00e0ncia de l&#8217;anterior, es recomana a l&#8217;Usuari llegir-les cada vegada que visiteu el Lloc Web.<\/span><\/span> <span class=\"jCAhz ChMk0b\"><span class=\"ryNqvb\">El lloc web d&#8217;HOTEL AATU proporciona una gran diversitat d&#8217;informaci\u00f3, serveis i dades.<\/span><\/span> <span class=\"jCAhz ChMk0b\"><span class=\"ryNqvb\">L&#8217;Usuari assumeix la seva responsabilitat per fer un \u00fas correcte del Lloc Web.<\/span><\/span> <span class=\"jCAhz ChMk0b\"><span class=\"ryNqvb\">Aquesta responsabilitat s&#8217;estendr\u00e0 a:<\/span><\/span><\/span><\/p><ul><li><span class=\"HwtZe\" lang=\"ca\"><span class=\"jCAhz ChMk0b\"><span class=\"ryNqvb\">Un \u00fas de la informaci\u00f3, continguts i\/o serveis i dades ofertes per HOTEL AATU sense que sigui contrari al que disposen aquestes Condicions, la Llei, la moral o l&#8217;ordre p\u00fablic, o que de qualsevol altra manera puguin suposar lesi\u00f3 dels<\/span><\/span> <span class=\"jCAhz ChMk0b\"><span class=\"ryNqvb\">drets de tercers o del mateix funcionament del Lloc Web.<\/span><\/span><\/span><\/li><li><span class=\"HwtZe\" lang=\"ca\"><span class=\"jCAhz ChMk0b\"><span class=\"ryNqvb\">La veracitat i licitud de les informacions aportades per l&#8217;Usuari als formularis estesos per HOTEL AATU per a l&#8217;acc\u00e9s a certs Continguts o Serveis oferts pel Lloc Web.<\/span><\/span> <span class=\"jCAhz ChMk0b\"><span class=\"ryNqvb\">En tot cas, l&#8217;Usuari notificar\u00e0 de forma immediata a HOTEL AATU sobre qualsevol fet que permeti l&#8217;\u00fas indegut de la informaci\u00f3 registrada en aquests formularis, com ara, per\u00f2 no nom\u00e9s, el robatori, la p\u00e8rdua, o l&#8217;acc\u00e9s no autoritzat a identificadors i<\/span><\/span> <span class=\"jCAhz ChMk0b\"><span class=\"ryNqvb\">\/o contrasenyes, per tal de procedir a la seva immediata cancel\u00b7laci\u00f3.<\/span><\/span><\/span><\/li><\/ul><p><span class=\"HwtZe\" lang=\"ca\"><span class=\"jCAhz ChMk0b\"><span class=\"ryNqvb\">El mer acc\u00e9s a aquest Lloc Web no suposa entaular cap mena de relaci\u00f3 de car\u00e0cter comercial entre HOTEL AATU i l&#8217;Usuari.<\/span><\/span> <span class=\"jCAhz ChMk0b\"><span class=\"ryNqvb\">Sempre en el respecte de la legislaci\u00f3 vigent, aquest Lloc Web d&#8217;HOTEL AATU s&#8217;adre\u00e7a a totes les persones, sense importar-ne l&#8217;edat, que puguin accedir i\/o navegar per les p\u00e0gines del Lloc Web.<\/span><\/span><\/span><\/p><h2><span class=\"HwtZe\" lang=\"ca\"><span class=\"jCAhz ChMk0b\"><span class=\"ryNqvb\">III.<\/span><\/span> <span class=\"jCAhz ChMk0b\"><span class=\"ryNqvb\">ACC\u00c9S I NAVEGACI\u00d3 AL LLOC WEB: EXCLUSI\u00d3 DE GARANTIES I RESPONSABILITAT<\/span><\/span><\/span><\/h2><p>HOTEL AATU no garanteix la continu\u00eftat, disponibilitat i utilitat del Lloc Web, ni dels Continguts o Serveis. HOTEL AATU far\u00e0 tot el possible pel bon funcionament del Lloc Web, per\u00f2, no es responsabilitza ni garanteix que l&#8217;acc\u00e9s a aquest Lloc Web no sigui ininterromput o que estigui lliure d&#8217;error.<\/p><p>Tampoc no es responsabilitza o garanteix que el contingut o programari al qual es pugui accedir a trav\u00e9s d&#8217;aquest Lloc Web, estigui lliure d&#8217;error o causi un dany al sistema inform\u00e0tic (programari i maquinari) de l&#8217;Usuari. En cap cas HOTEL AATU ser\u00e0 responsable per les p\u00e8rdues, danys o perjudicis de qualsevol tipus que sorgeixin per l&#8217;acc\u00e9s, navegaci\u00f3 i \u00fas del Lloc Web, incloent-se, per\u00f2 no limitant-se, als ocasionats als sistemes inform\u00e0tics o els provocats per la introducci\u00f3 de virus.<\/p><p>HOTEL AATU tampoc no es fa responsable dels danys que poguessin ocasionar-se als usuaris per un \u00fas inadequat d&#8217;aquest Lloc Web. En particular, no es fa responsable de cap manera de les caigudes, interrupcions, falta o defecte de les telecomunicacions que poguessin oc\u00f3rrer.<\/p><h2><span class=\"HwtZe\" lang=\"ca\"><span class=\"jCAhz ChMk0b\"><span class=\"ryNqvb\">IV.<\/span><\/span> <span class=\"jCAhz ChMk0b\"><span class=\"ryNqvb\">POL\u00cdTICA D&#8217;ENLLA\u00c7OS<\/span><\/span><\/span><\/h2><p>S&#8217;informa que el Lloc Web d&#8217;HOTEL AATU posa o pot posar a disposici\u00f3 dels Usuaris mitjans d&#8217;enlla\u00e7 (com, entre d&#8217;altres, links, banners, botons), directoris i motors de cerca que permeten als Usuaris accedir a llocs web pertanyents i \/o gestionats per tercers.<\/p><p>La instal\u00b7laci\u00f3 d&#8217;aquests enlla\u00e7os, directoris i motors de cerca al Lloc Web t\u00e9 per objecte facilitar als Usuaris la cerca de i acc\u00e9s a la informaci\u00f3 disponible a Internet, sense que es pugui considerar un suggeriment, recomanaci\u00f3 o invitaci\u00f3 per a la visita dels mateixos .<\/p><p>HOTEL AATU no ofereix ni comercialitza per si ni per mitj\u00e0 de tercers els productes i\/o serveis disponibles en aquests llocs enlla\u00e7ats.<\/p><p>Aix\u00ed mateix, tampoc garantir\u00e0 la disponibilitat t\u00e8cnica, exactitud, veracitat, validesa o legalitat de llocs aliens a la seva propietat a qu\u00e8 es pugui accedir per mitj\u00e0 dels enlla\u00e7os.<\/p><p>HOTEL AATU en cap cas revisar\u00e0 o controlar\u00e0 el contingut d&#8217;altres llocs web, aix\u00ed com tampoc aprova, examina ni fa propis els productes i serveis, continguts, arxius i qualsevol altre material existent als referits llocs enlla\u00e7ats.<\/p><p>HOTEL AATU no assumeix cap responsabilitat pels danys i perjudicis que poguessin produir-se per l&#8217;acc\u00e9s, \u00fas, qualitat o licitud dels continguts, comunicacions, opinions, productes i serveis dels llocs web no gestionats per HOTEL AATU i que siguin enlla\u00e7ats en aquest Lloc Web.<\/p><p>L&#8217;Usuari o tercer que faci un hiperenlla\u00e7 des d&#8217;una p\u00e0gina web d&#8217;un altre, diferent, lloc web al Lloc Web d&#8217;HOTEL AATU haur\u00e0 de saber que:<\/p><p>No es permet la reproducci\u00f3 \u2014totalment o parcialment\u2014 de cap dels Continguts i\/o Serveis del Lloc Web sense autoritzaci\u00f3 expressa d&#8217;HOTEL AATU.<\/p><p>No es permet tampoc cap manifestaci\u00f3 falsa, inexacta o incorrecta sobre el Lloc Web d&#8217;HOTEL AATU, ni sobre els continguts i\/o serveis del mateix.<\/p><p>A excepci\u00f3 de l&#8217;hiperenlla\u00e7, el lloc web en qu\u00e8 s&#8217;estableixi aquest hiperenlla\u00e7 no contindr\u00e0 cap element, d&#8217;aquest Lloc Web, protegit com a propietat intel\u00b7lectual per l&#8217;ordenament jur\u00eddic espanyol, llevat d&#8217;autoritzaci\u00f3 expressa d&#8217;HOTEL AATU.<\/p><p>L&#8217;establiment de l&#8217;hiperenlla\u00e7 no implicar\u00e0 l&#8217;exist\u00e8ncia de relacions entre HOTEL AATU i el titular del lloc web des del qual es realitzi, ni el coneixement i l&#8217;acceptaci\u00f3 d&#8217;HOTEL AATU dels continguts, serveis i\/o activitats oferts en aquest lloc web, i viceversa .<\/p><h2><span class=\"HwtZe\" lang=\"ca\"><span class=\"jCAhz ChMk0b\"><span class=\"ryNqvb\">V. PROPIETAT INTEL\u00b7LECTUAL I INDUSTRIAL<\/span><\/span><\/span><\/h2><p>HOTEL AATU per si o com a part cession\u00e0ria, \u00e9s titular de tots els drets de propietat intel\u00b7lectual i industrial del Lloc Web, aix\u00ed com dels elements continguts en aquest (a t\u00edtol enunciatiu i no exhaustiu, imatges, so, \u00e0udio, v\u00eddeo, programari o textos, marques o logotips, combinacions de colors, estructura i disseny, selecci\u00f3 de materials usats, programes dordinador necessaris per al seu funcionament, acc\u00e9s i \u00fas, etc.). Seran, per tant, obres protegides com a propietat intel\u00b7lectual per l&#8217;ordenament jur\u00eddic espanyol, i els seran aplicables tant la normativa espanyola i comunit\u00e0ria en aquest camp, com els tractats internacionals relatius a la mat\u00e8ria i subscrits per Espanya.<\/p><p>Tots els drets reservats. En virtut del que disposa la Llei de propietat intel\u00b7lectual, queden expressament prohibides la reproducci\u00f3, la distribuci\u00f3 i la comunicaci\u00f3 p\u00fablica, inclosa la seva modalitat de posada a disposici\u00f3, de la totalitat o part dels continguts d&#8217;aquesta p\u00e0gina web, amb fins comercials, a qualsevol suport i per qualsevol mitj\u00e0 t\u00e8cnic, sense l&#8217;autoritzaci\u00f3 d&#8217;HOTEL AATU.<\/p><p>L&#8217;usuari es compromet a respectar els drets de propietat intel\u00b7lectual i industrial d&#8217;HOTEL AATU. Podreu visualitzar els elements del Lloc Web o fins i tot imprimir-los, copiar-los i emmagatzemar-los al disc dur del vostre ordinador o en qualsevol altre suport f\u00edsic sempre que sigui, exclusivament, per al seu \u00fas personal. L&#8217;Usuari, per\u00f2, no podr\u00e0 suprimir, alterar, o manipular qualsevol dispositiu de protecci\u00f3 o sistema de seguretat que estigu\u00e9s instal\u00b7lat al Lloc Web.<\/p><p>En cas que l&#8217;Usuari o tercer consideri que qualsevol dels Continguts del Lloc Web suposi una violaci\u00f3 dels drets de protecci\u00f3 de la propietat intel\u00b7lectual, ho haur\u00e0 de comunicar immediatament a HOTEL AATU a trav\u00e9s de les dades de contacte de l&#8217;apartat d&#8217;INFORMACI\u00d3 GENERAL d&#8217;aquest Av\u00eds Legal i Condicions Generals d&#8217;\u00das.<\/p><h2><span class=\"HwtZe\" lang=\"ca\"><span class=\"jCAhz ChMk0b\"><span class=\"ryNqvb\">VI.<\/span><\/span> <span class=\"jCAhz ChMk0b\"><span class=\"ryNqvb\">ACCIONS LEGALS, LEGISLACI\u00d3 APLICABLE I JURISDICCI\u00d3<\/span><\/span><\/span><\/h2><p>HOTEL AATU es reserva la facultat de presentar les accions civils o penals que consideri necess\u00e0ries per la utilitzaci\u00f3 indeguda del Lloc Web i Continguts, o per l&#8217;incompliment de les presents Condicions.<\/p><p>La relaci\u00f3 entre l&#8217;Usuari i l&#8217;HOTEL AATU es regir\u00e0 per la normativa vigent i aplicable al territori espanyol. Si sorgeix qualsevol controv\u00e8rsia en relaci\u00f3 amb la interpretaci\u00f3 i\/o l&#8217;aplicaci\u00f3 d&#8217;aquestes Condicions, les parts sotmetran els seus conflictes a la jurisdicci\u00f3 ordin\u00e0ria sotmetent-se als jutges i tribunals que corresponguin d&#8217;acord amb el dret.<\/p><p>Aquest document d&#8217;Av\u00eds Legal i Condicions Generals d&#8217;\u00fas del lloc web ha estat creat mitjan\u00e7ant el generador de plantilla d&#8217;av\u00eds legal i condicions d&#8217;\u00fas en l\u00ednia el dia 15\/6\/2022.<\/p><p>\u00a0<\/p>\t\t\t\t\t\t\t\t<\/div>\n\t\t\t\t<\/div>\n\t\t\t\t\t<\/div>\n\t\t<\/div>\n\t\t\t\t\t<\/div>\n\t\t<\/section>\n\t\t\t\t<\/div>\n\t\t","protected":false},"excerpt":{"rendered":"<p>AV\u00cdS LEGAL I CONDICIONS GENERALS D&#8217;\u00daS www.hotelaatu.com I. INFORMACI\u00d3 GENERAL En compliment amb el deure informaci\u00f3 disposat a la Llei 34\/2002 de Serveis de la Societat de la Informaci\u00f3 i el Comer\u00e7 Electr\u00f2nic (LSSI-CE) d&#8217;11 de juliol, es faciliten a continuaci\u00f3 les dades d&#8217;informaci\u00f3 general seg\u00fcents d&#8217;aquest lloc web : La titularitat d&#8217;aquest lloc web, [&hellip;]<\/p>\n","protected":false},"author":1,"featured_media":0,"parent":0,"menu_order":0,"comment_status":"closed","ping_status":"closed","template":"elementor_header_footer","meta":{"_acf_changed":false,"footnotes":""},"class_list":["post-119","page","type-page","status-publish","hentry"],"acf":[],"yoast_head":"<!-- This site is optimized with the Yoast SEO plugin v27.3 - https:\/\/yoast.com\/product\/yoast-seo-wordpress\/ -->\n<title>Avisos Legals - Hotel Aatu CAT<\/title>\n<meta name=\"description\" content=\"El present Av\u00eds Legal regula les condicions generals d&#039;acc\u00e9s i utilitzaci\u00f3 del lloc web accessible a l&#039;adre\u00e7a...\" \/>\n<meta name=\"robots\" content=\"noindex, nofollow\" \/>\n<meta property=\"og:locale\" content=\"es_ES\" \/>\n<meta property=\"og:type\" content=\"article\" \/>\n<meta property=\"og:title\" content=\"Avisos Legals - Hotel Aatu CAT\" \/>\n<meta property=\"og:description\" content=\"El present Av\u00eds Legal regula les condicions generals d&#039;acc\u00e9s i utilitzaci\u00f3 del lloc web accessible a l&#039;adre\u00e7a...\" \/>\n<meta property=\"og:url\" content=\"https:\/\/hotelaatu.com\/cat\/avisos-legals\/\" \/>\n<meta property=\"og:site_name\" content=\"Hotel Aatu CAT\" \/>\n<meta property=\"article:modified_time\" content=\"2023-04-20T13:13:41+00:00\" \/>\n<meta name=\"twitter:card\" content=\"summary_large_image\" \/>\n<meta name=\"twitter:label1\" content=\"Tiempo de lectura\" \/>\n\t<meta name=\"twitter:data1\" content=\"8 minutos\" \/>\n<script type=\"application\/ld+json\" class=\"yoast-schema-graph\">{\"@context\":\"https:\\\/\\\/schema.org\",\"@graph\":[{\"@type\":\"WebPage\",\"@id\":\"https:\\\/\\\/hotelaatu.com\\\/cat\\\/avisos-legals\\\/\",\"url\":\"https:\\\/\\\/hotelaatu.com\\\/cat\\\/avisos-legals\\\/\",\"name\":\"Avisos Legals - Hotel Aatu CAT\",\"isPartOf\":{\"@id\":\"https:\\\/\\\/hotelaatu.com\\\/cat\\\/#website\"},\"datePublished\":\"2020-02-12T12:52:01+00:00\",\"dateModified\":\"2023-04-20T13:13:41+00:00\",\"description\":\"El present Av\u00eds Legal regula les condicions generals d'acc\u00e9s i utilitzaci\u00f3 del lloc web accessible a l'adre\u00e7a...\",\"breadcrumb\":{\"@id\":\"https:\\\/\\\/hotelaatu.com\\\/cat\\\/avisos-legals\\\/#breadcrumb\"},\"inLanguage\":\"es\",\"potentialAction\":[{\"@type\":\"ReadAction\",\"target\":[\"https:\\\/\\\/hotelaatu.com\\\/cat\\\/avisos-legals\\\/\"]}]},{\"@type\":\"BreadcrumbList\",\"@id\":\"https:\\\/\\\/hotelaatu.com\\\/cat\\\/avisos-legals\\\/#breadcrumb\",\"itemListElement\":[{\"@type\":\"ListItem\",\"position\":1,\"name\":\"Portada\",\"item\":\"https:\\\/\\\/hotelaatu.com\\\/cat\\\/\"},{\"@type\":\"ListItem\",\"position\":2,\"name\":\"Avisos Legals\"}]},{\"@type\":\"WebSite\",\"@id\":\"https:\\\/\\\/hotelaatu.com\\\/cat\\\/#website\",\"url\":\"https:\\\/\\\/hotelaatu.com\\\/cat\\\/\",\"name\":\"Hotel Aatu CAT\",\"description\":\"Lujoso hotel r\u00fastico en Peratallada, Girona.\",\"publisher\":{\"@id\":\"https:\\\/\\\/hotelaatu.com\\\/cat\\\/#organization\"},\"potentialAction\":[{\"@type\":\"SearchAction\",\"target\":{\"@type\":\"EntryPoint\",\"urlTemplate\":\"https:\\\/\\\/hotelaatu.com\\\/cat\\\/?s={search_term_string}\"},\"query-input\":{\"@type\":\"PropertyValueSpecification\",\"valueRequired\":true,\"valueName\":\"search_term_string\"}}],\"inLanguage\":\"es\"},{\"@type\":\"Organization\",\"@id\":\"https:\\\/\\\/hotelaatu.com\\\/cat\\\/#organization\",\"name\":\"Hotel Aatu\",\"url\":\"https:\\\/\\\/hotelaatu.com\\\/cat\\\/\",\"logo\":{\"@type\":\"ImageObject\",\"inLanguage\":\"es\",\"@id\":\"https:\\\/\\\/hotelaatu.com\\\/cat\\\/#\\\/schema\\\/logo\\\/image\\\/\",\"url\":\"https:\\\/\\\/hotelaatu.com\\\/wp-content\\\/uploads\\\/hotel_aatu_nuevo-logo-naranja.png\",\"contentUrl\":\"https:\\\/\\\/hotelaatu.com\\\/wp-content\\\/uploads\\\/hotel_aatu_nuevo-logo-naranja.png\",\"width\":681,\"height\":200,\"caption\":\"Hotel Aatu\"},\"image\":{\"@id\":\"https:\\\/\\\/hotelaatu.com\\\/cat\\\/#\\\/schema\\\/logo\\\/image\\\/\"}}]}<\/script>\n<!-- \/ Yoast SEO plugin. -->","yoast_head_json":{"title":"Avisos Legals - Hotel Aatu CAT","description":"El present Av\u00eds Legal regula les condicions generals d'acc\u00e9s i utilitzaci\u00f3 del lloc web accessible a l'adre\u00e7a...","robots":{"index":"noindex","follow":"nofollow"},"og_locale":"es_ES","og_type":"article","og_title":"Avisos Legals - Hotel Aatu CAT","og_description":"El present Av\u00eds Legal regula les condicions generals d'acc\u00e9s i utilitzaci\u00f3 del lloc web accessible a l'adre\u00e7a...","og_url":"https:\/\/hotelaatu.com\/cat\/avisos-legals\/","og_site_name":"Hotel Aatu CAT","article_modified_time":"2023-04-20T13:13:41+00:00","twitter_card":"summary_large_image","twitter_misc":{"Tiempo de lectura":"8 minutos"},"schema":{"@context":"https:\/\/schema.org","@graph":[{"@type":"WebPage","@id":"https:\/\/hotelaatu.com\/cat\/avisos-legals\/","url":"https:\/\/hotelaatu.com\/cat\/avisos-legals\/","name":"Avisos Legals - Hotel Aatu CAT","isPartOf":{"@id":"https:\/\/hotelaatu.com\/cat\/#website"},"datePublished":"2020-02-12T12:52:01+00:00","dateModified":"2023-04-20T13:13:41+00:00","description":"El present Av\u00eds Legal regula les condicions generals d'acc\u00e9s i utilitzaci\u00f3 del lloc web accessible a l'adre\u00e7a...","breadcrumb":{"@id":"https:\/\/hotelaatu.com\/cat\/avisos-legals\/#breadcrumb"},"inLanguage":"es","potentialAction":[{"@type":"ReadAction","target":["https:\/\/hotelaatu.com\/cat\/avisos-legals\/"]}]},{"@type":"BreadcrumbList","@id":"https:\/\/hotelaatu.com\/cat\/avisos-legals\/#breadcrumb","itemListElement":[{"@type":"ListItem","position":1,"name":"Portada","item":"https:\/\/hotelaatu.com\/cat\/"},{"@type":"ListItem","position":2,"name":"Avisos Legals"}]},{"@type":"WebSite","@id":"https:\/\/hotelaatu.com\/cat\/#website","url":"https:\/\/hotelaatu.com\/cat\/","name":"Hotel Aatu CAT","description":"Lujoso hotel r\u00fastico en Peratallada, Girona.","publisher":{"@id":"https:\/\/hotelaatu.com\/cat\/#organization"},"potentialAction":[{"@type":"SearchAction","target":{"@type":"EntryPoint","urlTemplate":"https:\/\/hotelaatu.com\/cat\/?s={search_term_string}"},"query-input":{"@type":"PropertyValueSpecification","valueRequired":true,"valueName":"search_term_string"}}],"inLanguage":"es"},{"@type":"Organization","@id":"https:\/\/hotelaatu.com\/cat\/#organization","name":"Hotel Aatu","url":"https:\/\/hotelaatu.com\/cat\/","logo":{"@type":"ImageObject","inLanguage":"es","@id":"https:\/\/hotelaatu.com\/cat\/#\/schema\/logo\/image\/","url":"https:\/\/hotelaatu.com\/wp-content\/uploads\/hotel_aatu_nuevo-logo-naranja.png","contentUrl":"https:\/\/hotelaatu.com\/wp-content\/uploads\/hotel_aatu_nuevo-logo-naranja.png","width":681,"height":200,"caption":"Hotel Aatu"},"image":{"@id":"https:\/\/hotelaatu.com\/cat\/#\/schema\/logo\/image\/"}}]}},"_links":{"self":[{"href":"https:\/\/hotelaatu.com\/cat\/wp-json\/wp\/v2\/pages\/119","targetHints":{"allow":["GET"]}}],"collection":[{"href":"https:\/\/hotelaatu.com\/cat\/wp-json\/wp\/v2\/pages"}],"about":[{"href":"https:\/\/hotelaatu.com\/cat\/wp-json\/wp\/v2\/types\/page"}],"author":[{"embeddable":true,"href":"https:\/\/hotelaatu.com\/cat\/wp-json\/wp\/v2\/users\/1"}],"replies":[{"embeddable":true,"href":"https:\/\/hotelaatu.com\/cat\/wp-json\/wp\/v2\/comments?post=119"}],"version-history":[{"count":5,"href":"https:\/\/hotelaatu.com\/cat\/wp-json\/wp\/v2\/pages\/119\/revisions"}],"predecessor-version":[{"id":5275,"href":"https:\/\/hotelaatu.com\/cat\/wp-json\/wp\/v2\/pages\/119\/revisions\/5275"}],"wp:attachment":[{"href":"https:\/\/hotelaatu.com\/cat\/wp-json\/wp\/v2\/media?parent=119"}],"curies":[{"name":"wp","href":"https:\/\/api.w.org\/{rel}","templated":true}]}}