{"id":121,"date":"2020-02-12T13:52:19","date_gmt":"2020-02-12T12:52:19","guid":{"rendered":"https:\/\/hotelaatu.com\/?page_id=121"},"modified":"2023-04-20T15:31:04","modified_gmt":"2023-04-20T13:31:04","slug":"politica-de-cookies","status":"publish","type":"page","link":"https:\/\/hotelaatu.com\/cat\/politica-de-cookies\/","title":{"rendered":"Pol\u00edtica de cookies"},"content":{"rendered":"\t\t<div data-elementor-type=\"wp-page\" data-elementor-id=\"121\" class=\"elementor elementor-121\" data-elementor-post-type=\"page\">\n\t\t\t\t\t\t<section class=\"elementor-section elementor-top-section elementor-element elementor-element-1d04c967 elementor-section-boxed elementor-section-height-default elementor-section-height-default\" data-id=\"1d04c967\" data-element_type=\"section\" data-e-type=\"section\">\n\t\t\t\t\t\t<div class=\"elementor-container elementor-column-gap-default\">\n\t\t\t\t\t<div class=\"elementor-column elementor-col-100 elementor-top-column elementor-element elementor-element-46b69de8\" data-id=\"46b69de8\" data-element_type=\"column\" data-e-type=\"column\">\n\t\t\t<div class=\"elementor-widget-wrap elementor-element-populated\">\n\t\t\t\t\t\t<div class=\"elementor-element elementor-element-7940c312 elementor-widget elementor-widget-text-editor\" data-id=\"7940c312\" data-element_type=\"widget\" data-e-type=\"widget\" data-widget_type=\"text-editor.default\">\n\t\t\t\t<div class=\"elementor-widget-container\">\n\t\t\t\t\t\t\t\t\t<h1>POL\u00cdTICA DE COOKIES<\/h1><p>www.hotelaatu.com<\/p><p>L&#8217;acc\u00e9s a aquest Lloc Web pot implicar la utilitzaci\u00f3 de galetes. Les galetes s\u00f3n petites quantitats d&#8217;informaci\u00f3 que s&#8217;emmagatzemen al navegador utilitzat per cada Usuari -en els diferents dispositius que pugui utilitzar per navegar- perqu\u00e8 el servidor recordi certa informaci\u00f3 que posteriorment i \u00fanicament el servidor que la va implementar llegir\u00e0. Les galetes faciliten la navegaci\u00f3, la fan m\u00e9s amigable, i no fan malb\u00e9 el dispositiu de navegaci\u00f3.<\/p><p>Les cookies s\u00f3n procediments autom\u00e0tics de recollida d&#8217;informaci\u00f3 relativa a les prefer\u00e8ncies determinades per l&#8217;Usuari durant la visita al Lloc Web per tal de recon\u00e8ixer-lo com a Usuari, i personalitzar la seva experi\u00e8ncia i l&#8217;\u00fas del Lloc Web, i tamb\u00e9 poden, per exemple, ajudar a identificar i resoldre errors.<\/p><p>La informaci\u00f3 recollida a trav\u00e9s de les galetes pot incloure la data i hora de visites al Lloc Web, les p\u00e0gines visionades, el temps que ha estat al Lloc Web i els llocs visitats just abans i despr\u00e9s. Tot i aix\u00f2, cap galeta permet que aquesta mateixa pugui contactar amb el n\u00famero de tel\u00e8fon de l&#8217;Usuari o amb qualsevol altre mitj\u00e0 de contacte personal. Cap galeta no pot extreure informaci\u00f3 del disc dur de l&#8217;Usuari o robar informaci\u00f3 personal. L&#8217;\u00fanica manera que la informaci\u00f3 privada de l&#8217;Usuari formi part del fitxer Cookie \u00e9s que l&#8217;usuari doni personalment aquesta informaci\u00f3 al servidor.<\/p><p>Les galetes que permeten identificar una persona es consideren dades personals. Per tant, a les mateixes els ser\u00e0 aplicable la Pol\u00edtica de Privadesa anteriorment descrita. En aquest sentit, per utilitzar-les ser\u00e0 necessari el consentiment de l&#8217;Usuari. Aquest consentiment ser\u00e0 comunicat, en base a una elecci\u00f3 aut\u00e8ntica, ofert mitjan\u00e7ant una decisi\u00f3 afirmativa i positiva, abans del tractament inicial, removible i documentat.<\/p><p><span class=\"HwtZe\" lang=\"ca\"><span class=\"jCAhz ChMk0b\"><span class=\"ryNqvb\">Cookies pr\u00f2pies<\/span><\/span> <span class=\"jCAhz ChMk0b\"><span class=\"ryNqvb\">S\u00f3n aquelles galetes que s\u00f3n enviades a l&#8217;ordinador o dispositiu de l&#8217;Usuari i gestionades exclusivament per HOTEL AATU per al millor funcionament del Lloc Web.<\/span><\/span> <span class=\"jCAhz ChMk0b\"><span class=\"ryNqvb\">La informaci\u00f3 que es recull s&#8217;empra per millorar la qualitat del Lloc Web i el seu Contingut i la seva experi\u00e8ncia com a Usuari.<\/span><\/span> <span class=\"jCAhz ChMk0b\"><span class=\"ryNqvb\">Aquestes cookies permeten recon\u00e8ixer l&#8217;Usuari com a visitant recurrent del Lloc Web i adaptar el contingut per oferir continguts que s&#8217;ajustin a les seves prefer\u00e8ncies:<\/span><\/span> <span class=\"jCAhz ChMk0b\"><span class=\"ryNqvb\">wordpress_test_cookie: Cookie pr\u00f2pia que emmagatzema la seva acceptaci\u00f3 de la pol\u00edtica de cookies de www.hotelaatu.com.<\/span><\/span> <span class=\"jCAhz ChMk0b\"><span class=\"ryNqvb\">La durada \u00e9s fins a la finalitzaci\u00f3 de la sessi\u00f3.<\/span><\/span><\/span><\/p><h2><span class=\"HwtZe\" lang=\"ca\"><span class=\"jCAhz ChMk0b\"><span class=\"ryNqvb\">Galetes de xarxes socials<\/span><\/span><\/span><\/h2><p>HOTEL AATU incorpora plugins de xarxes socials, que permeten accedir-hi a partir del Lloc Web. Per aquesta ra\u00f3, les galetes de xarxes socials es poden emmagatzemar al navegador de l&#8217;Usuari. Els titulars de les xarxes socials esmentades disposen de les seves pr\u00f2pies pol\u00edtiques de protecci\u00f3 de dades i de cookies, sent ells mateixos, en cada cas, responsables dels seus propis fitxers i de les seves pr\u00f2pies pr\u00e0ctiques de privadesa. L&#8217;Usuari ha de referir-s&#8217;hi per informar-se sobre aquestes galetes i, si escau, del tractament de les seves dades personals. \u00danicament a t\u00edtol informatiu s&#8217;indiquen a continuaci\u00f3 els enlla\u00e7os en qu\u00e8 es poden consultar aquestes pol\u00edtiques de privadesa i\/o de cookies:<\/p><ul><li><b>Facebook:<\/b> https:\/\/www.facebook.com\/policies\/cookies\/<\/li><li><b>Twitter:<\/b> https:\/\/twitter.com\/es\/privacy<\/li><li><b>Instagram:<\/b> https:\/\/help.instagram.com\/1896641480634370?ref=ig<\/li><li><b>YouTube:<\/b> https:\/\/policies.google.com\/privacy?hl=es-419&amp;gl=mx<\/li><li><b>Pinterest:<\/b> https:\/\/policy.pinterest.com\/es\/privacy-policy<\/li><li><b>LinkedIn:<\/b> https:\/\/www.linkedin.com\/legal\/cookie-policy?trk=hp-cookies<\/li><\/ul><h2><span class=\"HwtZe\" lang=\"ca\"><span class=\"jCAhz ChMk0b\"><span class=\"ryNqvb\">Deshabilitar, rebutjar i eliminar cookies<\/span><\/span><\/span><\/h2><p>L&#8217;Usuari pot deshabilitar, rebutjar i eliminar les cookies \u2014totalment o parcialment\u2014 instal\u00b7lades al dispositiu mitjan\u00e7ant la configuraci\u00f3 del vostre navegador (entre els quals es troben, per exemple, Chrome, Firefox, Safari, Explorer). En aquest sentit, els procediments per rebutjar i eliminar les galetes poden diferir d&#8217;un navegador d&#8217;Internet a un altre. En conseq\u00fc\u00e8ncia, l&#8217;Usuari ha d&#8217;acudir a les instruccions facilitades pel navegador d&#8217;Internet mateix que utilitzi. En cas que rebutgi l&#8217;\u00fas de cookies \u2014totalment o parcialment\u2014 podr\u00e0 continuar usant el Lloc Web, si b\u00e9 podr\u00e0 tenir limitada la utilitzaci\u00f3 d&#8217;algunes de les prestacions del mateix.<\/p><p>Aquest document de Pol\u00edtica de Cookies ha estat creat mitjan\u00e7ant el generador de plantilla de pol\u00edtica de cookies en l\u00ednia el dia 15\/6\/2022.<\/p><p>\u00a0<\/p>\t\t\t\t\t\t\t\t<\/div>\n\t\t\t\t<\/div>\n\t\t\t\t\t<\/div>\n\t\t<\/div>\n\t\t\t\t\t<\/div>\n\t\t<\/section>\n\t\t\t\t<\/div>\n\t\t","protected":false},"excerpt":{"rendered":"<p>POL\u00cdTICA DE COOKIES www.hotelaatu.com L&#8217;acc\u00e9s a aquest Lloc Web pot implicar la utilitzaci\u00f3 de galetes. Les galetes s\u00f3n petites quantitats d&#8217;informaci\u00f3 que s&#8217;emmagatzemen al navegador utilitzat per cada Usuari -en els diferents dispositius que pugui utilitzar per navegar- perqu\u00e8 el servidor recordi certa informaci\u00f3 que posteriorment i \u00fanicament el servidor que la va implementar llegir\u00e0. [&hellip;]<\/p>\n","protected":false},"author":1,"featured_media":0,"parent":0,"menu_order":0,"comment_status":"closed","ping_status":"closed","template":"elementor_header_footer","meta":{"_acf_changed":false,"footnotes":""},"class_list":["post-121","page","type-page","status-publish","hentry"],"acf":[],"yoast_head":"<!-- This site is optimized with the Yoast SEO plugin v27.4 - https:\/\/yoast.com\/product\/yoast-seo-wordpress\/ -->\n<title>Pol\u00edtica de cookies - Hotel Aatu CAT<\/title>\n<meta name=\"description\" content=\"Pol\u00edtica de Cookies\" \/>\n<meta name=\"robots\" content=\"noindex, nofollow\" \/>\n<meta property=\"og:locale\" content=\"es_ES\" \/>\n<meta property=\"og:type\" content=\"article\" \/>\n<meta property=\"og:title\" content=\"Pol\u00edtica de cookies - Hotel Aatu CAT\" \/>\n<meta property=\"og:description\" content=\"Pol\u00edtica de Cookies\" \/>\n<meta property=\"og:url\" content=\"https:\/\/hotelaatu.com\/cat\/politica-de-cookies\/\" \/>\n<meta property=\"og:site_name\" content=\"Hotel Aatu CAT\" \/>\n<meta property=\"article:modified_time\" content=\"2023-04-20T13:31:04+00:00\" \/>\n<meta name=\"twitter:card\" content=\"summary_large_image\" \/>\n<meta name=\"twitter:label1\" content=\"Tiempo de lectura\" \/>\n\t<meta name=\"twitter:data1\" content=\"3 minutos\" \/>\n<script type=\"application\/ld+json\" class=\"yoast-schema-graph\">{\"@context\":\"https:\\\/\\\/schema.org\",\"@graph\":[{\"@type\":\"WebPage\",\"@id\":\"https:\\\/\\\/hotelaatu.com\\\/cat\\\/politica-de-cookies\\\/\",\"url\":\"https:\\\/\\\/hotelaatu.com\\\/cat\\\/politica-de-cookies\\\/\",\"name\":\"Pol\u00edtica de cookies - Hotel Aatu CAT\",\"isPartOf\":{\"@id\":\"https:\\\/\\\/hotelaatu.com\\\/cat\\\/#website\"},\"datePublished\":\"2020-02-12T12:52:19+00:00\",\"dateModified\":\"2023-04-20T13:31:04+00:00\",\"description\":\"Pol\u00edtica de Cookies\",\"breadcrumb\":{\"@id\":\"https:\\\/\\\/hotelaatu.com\\\/cat\\\/politica-de-cookies\\\/#breadcrumb\"},\"inLanguage\":\"es\",\"potentialAction\":[{\"@type\":\"ReadAction\",\"target\":[\"https:\\\/\\\/hotelaatu.com\\\/cat\\\/politica-de-cookies\\\/\"]}]},{\"@type\":\"BreadcrumbList\",\"@id\":\"https:\\\/\\\/hotelaatu.com\\\/cat\\\/politica-de-cookies\\\/#breadcrumb\",\"itemListElement\":[{\"@type\":\"ListItem\",\"position\":1,\"name\":\"Portada\",\"item\":\"https:\\\/\\\/hotelaatu.com\\\/cat\\\/\"},{\"@type\":\"ListItem\",\"position\":2,\"name\":\"Pol\u00edtica de cookies\"}]},{\"@type\":\"WebSite\",\"@id\":\"https:\\\/\\\/hotelaatu.com\\\/cat\\\/#website\",\"url\":\"https:\\\/\\\/hotelaatu.com\\\/cat\\\/\",\"name\":\"Hotel Aatu CAT\",\"description\":\"Lujoso hotel r\u00fastico en Peratallada, Girona.\",\"publisher\":{\"@id\":\"https:\\\/\\\/hotelaatu.com\\\/cat\\\/#organization\"},\"potentialAction\":[{\"@type\":\"SearchAction\",\"target\":{\"@type\":\"EntryPoint\",\"urlTemplate\":\"https:\\\/\\\/hotelaatu.com\\\/cat\\\/?s={search_term_string}\"},\"query-input\":{\"@type\":\"PropertyValueSpecification\",\"valueRequired\":true,\"valueName\":\"search_term_string\"}}],\"inLanguage\":\"es\"},{\"@type\":\"Organization\",\"@id\":\"https:\\\/\\\/hotelaatu.com\\\/cat\\\/#organization\",\"name\":\"Hotel Aatu\",\"url\":\"https:\\\/\\\/hotelaatu.com\\\/cat\\\/\",\"logo\":{\"@type\":\"ImageObject\",\"inLanguage\":\"es\",\"@id\":\"https:\\\/\\\/hotelaatu.com\\\/cat\\\/#\\\/schema\\\/logo\\\/image\\\/\",\"url\":\"https:\\\/\\\/hotelaatu.com\\\/wp-content\\\/uploads\\\/hotel_aatu_nuevo-logo-naranja.png\",\"contentUrl\":\"https:\\\/\\\/hotelaatu.com\\\/wp-content\\\/uploads\\\/hotel_aatu_nuevo-logo-naranja.png\",\"width\":681,\"height\":200,\"caption\":\"Hotel Aatu\"},\"image\":{\"@id\":\"https:\\\/\\\/hotelaatu.com\\\/cat\\\/#\\\/schema\\\/logo\\\/image\\\/\"}}]}<\/script>\n<!-- \/ Yoast SEO plugin. -->","yoast_head_json":{"title":"Pol\u00edtica de cookies - Hotel Aatu CAT","description":"Pol\u00edtica de Cookies","robots":{"index":"noindex","follow":"nofollow"},"og_locale":"es_ES","og_type":"article","og_title":"Pol\u00edtica de cookies - Hotel Aatu CAT","og_description":"Pol\u00edtica de Cookies","og_url":"https:\/\/hotelaatu.com\/cat\/politica-de-cookies\/","og_site_name":"Hotel Aatu CAT","article_modified_time":"2023-04-20T13:31:04+00:00","twitter_card":"summary_large_image","twitter_misc":{"Tiempo de lectura":"3 minutos"},"schema":{"@context":"https:\/\/schema.org","@graph":[{"@type":"WebPage","@id":"https:\/\/hotelaatu.com\/cat\/politica-de-cookies\/","url":"https:\/\/hotelaatu.com\/cat\/politica-de-cookies\/","name":"Pol\u00edtica de cookies - Hotel Aatu CAT","isPartOf":{"@id":"https:\/\/hotelaatu.com\/cat\/#website"},"datePublished":"2020-02-12T12:52:19+00:00","dateModified":"2023-04-20T13:31:04+00:00","description":"Pol\u00edtica de Cookies","breadcrumb":{"@id":"https:\/\/hotelaatu.com\/cat\/politica-de-cookies\/#breadcrumb"},"inLanguage":"es","potentialAction":[{"@type":"ReadAction","target":["https:\/\/hotelaatu.com\/cat\/politica-de-cookies\/"]}]},{"@type":"BreadcrumbList","@id":"https:\/\/hotelaatu.com\/cat\/politica-de-cookies\/#breadcrumb","itemListElement":[{"@type":"ListItem","position":1,"name":"Portada","item":"https:\/\/hotelaatu.com\/cat\/"},{"@type":"ListItem","position":2,"name":"Pol\u00edtica de cookies"}]},{"@type":"WebSite","@id":"https:\/\/hotelaatu.com\/cat\/#website","url":"https:\/\/hotelaatu.com\/cat\/","name":"Hotel Aatu CAT","description":"Lujoso hotel r\u00fastico en Peratallada, Girona.","publisher":{"@id":"https:\/\/hotelaatu.com\/cat\/#organization"},"potentialAction":[{"@type":"SearchAction","target":{"@type":"EntryPoint","urlTemplate":"https:\/\/hotelaatu.com\/cat\/?s={search_term_string}"},"query-input":{"@type":"PropertyValueSpecification","valueRequired":true,"valueName":"search_term_string"}}],"inLanguage":"es"},{"@type":"Organization","@id":"https:\/\/hotelaatu.com\/cat\/#organization","name":"Hotel Aatu","url":"https:\/\/hotelaatu.com\/cat\/","logo":{"@type":"ImageObject","inLanguage":"es","@id":"https:\/\/hotelaatu.com\/cat\/#\/schema\/logo\/image\/","url":"https:\/\/hotelaatu.com\/wp-content\/uploads\/hotel_aatu_nuevo-logo-naranja.png","contentUrl":"https:\/\/hotelaatu.com\/wp-content\/uploads\/hotel_aatu_nuevo-logo-naranja.png","width":681,"height":200,"caption":"Hotel Aatu"},"image":{"@id":"https:\/\/hotelaatu.com\/cat\/#\/schema\/logo\/image\/"}}]}},"_links":{"self":[{"href":"https:\/\/hotelaatu.com\/cat\/wp-json\/wp\/v2\/pages\/121","targetHints":{"allow":["GET"]}}],"collection":[{"href":"https:\/\/hotelaatu.com\/cat\/wp-json\/wp\/v2\/pages"}],"about":[{"href":"https:\/\/hotelaatu.com\/cat\/wp-json\/wp\/v2\/types\/page"}],"author":[{"embeddable":true,"href":"https:\/\/hotelaatu.com\/cat\/wp-json\/wp\/v2\/users\/1"}],"replies":[{"embeddable":true,"href":"https:\/\/hotelaatu.com\/cat\/wp-json\/wp\/v2\/comments?post=121"}],"version-history":[{"count":4,"href":"https:\/\/hotelaatu.com\/cat\/wp-json\/wp\/v2\/pages\/121\/revisions"}],"predecessor-version":[{"id":5292,"href":"https:\/\/hotelaatu.com\/cat\/wp-json\/wp\/v2\/pages\/121\/revisions\/5292"}],"wp:attachment":[{"href":"https:\/\/hotelaatu.com\/cat\/wp-json\/wp\/v2\/media?parent=121"}],"curies":[{"name":"wp","href":"https:\/\/api.w.org\/{rel}","templated":true}]}}