{"id":119,"date":"2020-02-12T13:52:01","date_gmt":"2020-02-12T12:52:01","guid":{"rendered":"https:\/\/hotelaatu.com\/?page_id=119"},"modified":"2023-04-20T16:41:20","modified_gmt":"2023-04-20T14:41:20","slug":"avis-juridiques","status":"publish","type":"page","link":"https:\/\/hotelaatu.com\/fr\/avis-juridiques\/","title":{"rendered":"Avis juridiques"},"content":{"rendered":"\t\t<div data-elementor-type=\"wp-page\" data-elementor-id=\"119\" class=\"elementor elementor-119\" data-elementor-post-type=\"page\">\n\t\t\t\t\t\t<section class=\"elementor-section elementor-top-section elementor-element elementor-element-14cc4e5 elementor-section-boxed elementor-section-height-default elementor-section-height-default\" data-id=\"14cc4e5\" data-element_type=\"section\" data-e-type=\"section\">\n\t\t\t\t\t\t<div class=\"elementor-container elementor-column-gap-default\">\n\t\t\t\t\t<div class=\"elementor-column elementor-col-100 elementor-top-column elementor-element elementor-element-79a79df\" data-id=\"79a79df\" data-element_type=\"column\" data-e-type=\"column\">\n\t\t\t<div class=\"elementor-widget-wrap elementor-element-populated\">\n\t\t\t\t\t\t<div class=\"elementor-element elementor-element-4a8543be elementor-widget elementor-widget-text-editor\" data-id=\"4a8543be\" data-element_type=\"widget\" data-e-type=\"widget\" data-widget_type=\"text-editor.default\">\n\t\t\t\t<div class=\"elementor-widget-container\">\n\t\t\t\t\t\t\t\t\t<h1>AVIS JURIDIQUE ET CONDITIONS G\u00c9N\u00c9RALES D&#8217;UTILISATION<\/h1><p>www.hotelaatu.com<\/p><h2>I. INFORMATIONS G\u00c9N\u00c9RALES<\/h2><p>Conform\u00e9ment \u00e0 l&#8217;obligation de fournir les informations pr\u00e9vues par la loi 34\/2002 sur les services de la soci\u00e9t\u00e9 de l&#8217;information et le commerce \u00e9lectronique (LSSI-CE) du 11 juillet, les informations g\u00e9n\u00e9rales suivantes sur ce site Web sont fournies ci-dessous :<br \/><br \/>La propri\u00e9t\u00e9 de ce site web, www.hotelaatu.com, (ci-apr\u00e8s, le site web) est d\u00e9tenue par : RUNE FORSBLOM, avec NIF : X1609026S, et dont les coordonn\u00e9es sont :<\/p><p>Adresse : Afueras S\/N &#8211; 17113 &#8211; Peratallada, Girona<\/p><p>Num\u00e9ro de t\u00e9l\u00e9phone de contact : +34 972634053<\/p><p>Courriel de contact : info@hotelaatu.com<\/p><h2>II. CONDITIONS G\u00c9N\u00c9RALES D&#8217;UTILISATION<\/h2><p>L&#8217;objet des conditions g\u00e9n\u00e9rales : Le site web<\/p><p>Les pr\u00e9sentes conditions g\u00e9n\u00e9rales d&#8217;utilisation (ci-apr\u00e8s d\u00e9nomm\u00e9es \u00abconditions\u00bb) ont pour objet de r\u00e9glementer l&#8217;acc\u00e8s au site web et son utilisation. Aux fins des pr\u00e9sentes Conditions g\u00e9n\u00e9rales, on entend par Site web : l&#8217;aspect ext\u00e9rieur des interfaces d&#8217;\u00e9cran, tant statiques que dynamiques, c&#8217;est-\u00e0-dire l&#8217;arbre de navigation ; et tous les \u00e9l\u00e9ments int\u00e9gr\u00e9s tant dans les interfaces d&#8217;\u00e9cran que dans l&#8217;arbre de navigation (ci-apr\u00e8s, les Contenus) et tous les services ou ressources en ligne qui peuvent \u00eatre offerts aux Utilisateurs (ci-apr\u00e8s, les Services).<\/p><p>HOTEL AATU se r\u00e9serve le droit de modifier, \u00e0 tout moment et sans pr\u00e9avis, la pr\u00e9sentation et la configuration du Site Internet ainsi que les Contenus et Services qui peuvent y \u00eatre incorpor\u00e9s. L&#8217;utilisateur reconna\u00eet et accepte que le HOTEL AATU puisse \u00e0 tout moment interrompre, d\u00e9sactiver et\/ou annuler l&#8217;un quelconque de ces \u00e9l\u00e9ments inclus dans le site web ou l&#8217;acc\u00e8s \u00e0 ceux-ci.<\/p><p>L&#8217;acc\u00e8s au site Web par l&#8217;utilisateur est gratuit et, en r\u00e8gle g\u00e9n\u00e9rale, il est gratuit sans que l&#8217;utilisateur n&#8217;ait \u00e0 fournir de contrepartie pour en jouir, sauf en ce qui concerne le co\u00fbt de la connexion par le biais du r\u00e9seau de t\u00e9l\u00e9communications fourni par le fournisseur d&#8217;acc\u00e8s contract\u00e9 par l&#8217;utilisateur.<\/p><p>L&#8217;utilisation de l&#8217;un des contenus ou services du site web peut se faire moyennant une souscription ou un enregistrement pr\u00e9alable de la part de l&#8217;utilisateur.<\/p><p>L&#8217;utilisateur<br \/><br \/>L&#8217;acc\u00e8s, la navigation et l&#8217;utilisation du site Web conf\u00e8rent la condition d&#8217;utilisateur et, par cons\u00e9quent, \u00e0 partir du moment o\u00f9 l&#8217;utilisateur commence \u00e0 naviguer sur le site Web, il accepte toutes les conditions \u00e9tablies ici, ainsi que toutes les modifications ult\u00e9rieures, sans pr\u00e9judice de l&#8217;application des normes l\u00e9gales correspondantes qui doivent \u00eatre respect\u00e9es selon le cas. Compte tenu de la pertinence de ce qui pr\u00e9c\u00e8de, il est recommand\u00e9 \u00e0 l&#8217;Utilisateur de les lire chaque fois qu&#8217;il visite le site Web.<br \/><br \/>Le site Web de l&#8217;HOTEL AATU fournit un large \u00e9ventail d&#8217;informations, de services et de donn\u00e9es. L&#8217;utilisateur assume la responsabilit\u00e9 de l&#8217;utilisation correcte du site Web. Cette responsabilit\u00e9 s&#8217;\u00e9tend \u00e0 :<\/p><ul><li>Une utilisation des informations, Contenus et\/ou Services et donn\u00e9es propos\u00e9s par HOTEL AATU qui soit contraire aux dispositions des pr\u00e9sentes Conditions, \u00e0 la Loi, \u00e0 la morale ou \u00e0 l&#8217;ordre public, ou qui, de toute autre mani\u00e8re, puisse porter pr\u00e9judice aux droits des tiers ou au fonctionnement du Site Web.<\/li><li>La v\u00e9racit\u00e9 et la l\u00e9galit\u00e9 des informations fournies par l&#8217;utilisateur dans les formulaires fournis par HOTEL AATU pour l&#8217;acc\u00e8s \u00e0 certains contenus ou services offerts par le site web. En tout \u00e9tat de cause, l&#8217;utilisateur devra signaler imm\u00e9diatement \u00e0 HOTEL AATU tout \u00e9v\u00e9nement permettant l&#8217;utilisation abusive des informations enregistr\u00e9es dans lesdits formulaires, tel que, mais sans s&#8217;y limiter, le vol, la perte ou l&#8217;acc\u00e8s non autoris\u00e9 aux identifiants et\/ou aux mots de passe, afin de proc\u00e9der \u00e0 leur annulation imm\u00e9diate.<\/li><\/ul><p>Le simple fait d&#8217;acc\u00e9der \u00e0 ce site web n&#8217;implique aucun type de relation commerciale entre HOTEL AATU et l&#8217;utilisateur.<\/p><p>Conform\u00e9ment \u00e0 la l\u00e9gislation en vigueur, le pr\u00e9sent site Web du HOTEL AATU s&#8217;adresse \u00e0 toutes les personnes, quel que soit leur \u00e2ge, qui peuvent acc\u00e9der et\/ou naviguer sur les pages du site Web.<\/p><h2>III. ACC\u00c8S ET NAVIGATION SUR LE SITE WEB : EXCLUSION DE GARANTIE ET DE RESPONSABILIT\u00c9<\/h2><p>HOTEL AATU ne garantit pas la continuit\u00e9, la disponibilit\u00e9 et l&#8217;utilit\u00e9 du site Web, du contenu ou des services. HOTEL AATU fera tout son possible pour assurer le bon fonctionnement du site Web, mais n&#8217;est pas responsable ni ne garantit que l&#8217;acc\u00e8s \u00e0 ce site Web sera ininterrompu ou d\u00e9pourvu d&#8217;erreurs.<\/p><p>Il n&#8217;est pas non plus responsable ni ne garantit que le contenu ou le logiciel auquel il est possible d&#8217;acc\u00e9der par l&#8217;interm\u00e9diaire de ce site Web soit exempt d&#8217;erreurs ou cause des dommages au syst\u00e8me informatique (logiciel et mat\u00e9riel) de l&#8217;utilisateur. En aucun cas, HOTEL AATU ne sera responsable des pertes ou dommages de toute nature d\u00e9coulant de l&#8217;acc\u00e8s, de la navigation et de l&#8217;utilisation du site Web, y compris, mais sans s&#8217;y limiter, ceux caus\u00e9s aux syst\u00e8mes informatiques ou ceux caus\u00e9s par l&#8217;introduction de virus.<\/p><p>L&#8217;HOTEL AATU n&#8217;est pas non plus responsable des dommages qui pourraient \u00eatre caus\u00e9s aux utilisateurs par une mauvaise utilisation de ce site Web. En particulier, il ne sera en aucun cas responsable des pannes, interruptions, d\u00e9fauts ou d\u00e9faillances des t\u00e9l\u00e9communications qui pourraient survenir.<\/p><h2>IV. POLITIQUE DE LIAISON<\/h2><p>L&#8217;utilisateur est inform\u00e9 que le site Web de l&#8217;HOTEL AATU met ou peut mettre \u00e0 sa disposition des moyens de liaison (tels que, entre autres, des liens, des banni\u00e8res, des boutons), des r\u00e9pertoires et des moteurs de recherche qui lui permettent d&#8217;acc\u00e9der \u00e0 des sites Web appartenant \u00e0 des tiers et\/ou g\u00e9r\u00e9s par des tiers.<\/p><p>L&#8217;installation de ces liens, r\u00e9pertoires et moteurs de recherche sur le site Web a pour but de faciliter la recherche et l&#8217;acc\u00e8s de l&#8217;utilisateur \u00e0 l&#8217;information disponible sur Internet, sans \u00eatre consid\u00e9r\u00e9e comme une suggestion, une recommandation ou une invitation \u00e0 les visiter.<\/p><p>L&#8217;HOTEL AATU n&#8217;offre ni ne commercialise, par lui-m\u00eame ou par l&#8217;interm\u00e9diaire de tiers, les produits et\/ou services disponibles sur ces sites li\u00e9s.<\/p><p>De m\u00eame, il ne garantit pas la disponibilit\u00e9 technique, l&#8217;exactitude, la v\u00e9racit\u00e9, la validit\u00e9 ou la l\u00e9galit\u00e9 des sites ext\u00e9rieurs \u00e0 sa propri\u00e9t\u00e9 auxquels il est possible d&#8217;acc\u00e9der par le biais des liens.<\/p><p>Le HOTEL AATU ne r\u00e9vise ni ne contr\u00f4le en aucun cas le contenu des autres sites Internet, pas plus qu&#8217;il n&#8217;approuve, n&#8217;examine ou ne cautionne les produits et services, le contenu, les fichiers et tout autre mat\u00e9riel de ces sites li\u00e9s.<\/p><p>Le HOTEL AATU n&#8217;assume aucune responsabilit\u00e9 pour les dommages pouvant d\u00e9couler de l&#8217;acc\u00e8s, de l&#8217;utilisation, de la qualit\u00e9 ou de la l\u00e9galit\u00e9 des contenus, communications, opinions, produits et services des sites web non g\u00e9r\u00e9s par le HOTEL AATU et qui sont li\u00e9s \u00e0 ce site web.<\/p><p>L&#8217;utilisateur ou le tiers qui \u00e9tablit un lien hypertexte d&#8217;une page web d&#8217;un autre site web vers le site web du HOTEL AATU doit \u00eatre conscient du fait que :<\/p><p>La reproduction &#8211; totale ou partielle &#8211; de tout contenu et\/ou service du site Web n&#8217;est pas permise sans l&#8217;autorisation expresse du HOTEL AATU.<\/p><p>Il est interdit de faire des d\u00e9clarations fausses, inexactes ou incorrectes sur le site Web du HOTEL AATU, ainsi que sur les contenus et\/ou services de ce dernier.<\/p><p>\u00c0 l&#8217;exception de l&#8217;hyperlien, le site Web sur lequel est \u00e9tabli l&#8217;hyperlien ne contiendra aucun \u00e9l\u00e9ment de ce site Web prot\u00e9g\u00e9 en tant que propri\u00e9t\u00e9 intellectuelle par la loi espagnole, sauf autorisation expresse du HOTEL AATU.<\/p><p>L&#8217;\u00e9tablissement de l&#8217;hyperlien n&#8217;implique pas l&#8217;existence d&#8217;une relation entre HOTEL AATU et le propri\u00e9taire du site web \u00e0 partir duquel il est \u00e9tabli, ni la connaissance et l&#8217;acceptation par HOTEL AATU des contenus, services et\/ou activit\u00e9s propos\u00e9s sur ledit site web, et vice versa.<\/p><h2>V. PROPRI\u00c9T\u00c9 INTELLECTUELLE ET INDUSTRIELLE<\/h2><p>L&#8217;HOTEL AATU est titulaire, lui-m\u00eame ou en tant que cessionnaire, de tous les droits de propri\u00e9t\u00e9 intellectuelle et industrielle du site Web, ainsi que des \u00e9l\u00e9ments qu&#8217;il contient (y compris, mais sans s&#8217;y limiter, les images, le son, l&#8217;audio, la vid\u00e9o, le logiciel ou les textes, les marques ou les logos, les combinaisons de couleurs, la structure et la conception, la s\u00e9lection des mat\u00e9riaux utilis\u00e9s, les programmes informatiques n\u00e9cessaires \u00e0 son fonctionnement, \u00e0 son acc\u00e8s et \u00e0 son utilisation, etc.) ). Il s&#8217;agit donc d&#8217;\u0153uvres prot\u00e9g\u00e9es en tant que propri\u00e9t\u00e9 intellectuelle par le syst\u00e8me juridique espagnol, auquel s&#8217;appliquent les normes espagnoles et communautaires en la mati\u00e8re, ainsi que les trait\u00e9s internationaux sign\u00e9s par l&#8217;Espagne en la mati\u00e8re.<\/p><p>Tous les droits sont r\u00e9serv\u00e9s. En vertu des dispositions de la loi sur la propri\u00e9t\u00e9 intellectuelle, la reproduction, la distribution et la communication publique, y compris la mise \u00e0 disposition, de tout ou partie du contenu de ce site Web, \u00e0 des fins commerciales, sur tout support et par tout moyen technique, sans l&#8217;autorisation de HOTEL AATU, sont express\u00e9ment interdites.<\/p><p>L&#8217;utilisateur s&#8217;engage \u00e0 respecter les droits de propri\u00e9t\u00e9 intellectuelle et industrielle de HOTEL AATU. Vous pouvez visualiser les \u00e9l\u00e9ments du site Web ou m\u00eame les imprimer, les copier et les stocker sur le disque dur de votre ordinateur ou sur tout autre support physique, \u00e0 condition que ce soit exclusivement pour votre usage personnel. L&#8217;utilisateur ne peut toutefois pas supprimer, modifier ou manipuler tout dispositif de protection ou syst\u00e8me de s\u00e9curit\u00e9 install\u00e9 sur le site web.<\/p><p>Si l&#8217;utilisateur ou un tiers consid\u00e8re que l&#8217;un des contenus du site Web implique une violation des droits de protection de la propri\u00e9t\u00e9 intellectuelle, il doit en informer imm\u00e9diatement HOTEL AATU aux coordonn\u00e9es indiqu\u00e9es dans la section INFORMATIONS G\u00c9N\u00c9RALES des pr\u00e9sentes mentions l\u00e9gales et conditions g\u00e9n\u00e9rales d&#8217;utilisation.<\/p><h2>VI. ACTIONS EN JUSTICE, DROIT APPLICABLE ET JURIDICTION<\/h2><p>HOTEL AATU se r\u00e9serve le droit d&#8217;intenter toute action civile ou p\u00e9nale qu&#8217;il jugera n\u00e9cessaire en cas d&#8217;utilisation inappropri\u00e9e du site Web et de ses contenus, ou en cas de violation des pr\u00e9sentes conditions g\u00e9n\u00e9rales.<\/p><p>La relation entre l&#8217;utilisateur et HOTEL AATU est r\u00e9gie par la r\u00e9glementation en vigueur et applicable sur le territoire espagnol. En cas de litige relatif \u00e0 l&#8217;interpr\u00e9tation et\/ou \u00e0 l&#8217;application des pr\u00e9sentes Conditions g\u00e9n\u00e9rales, les parties soumettront leurs diff\u00e9rends \u00e0 la juridiction ordinaire, en s&#8217;en remettant aux juges et aux tribunaux comp\u00e9tents conform\u00e9ment \u00e0 la loi.<\/p><p>Ce document de mentions l\u00e9gales et conditions g\u00e9n\u00e9rales d&#8217;utilisation du site web a \u00e9t\u00e9 cr\u00e9\u00e9 \u00e0 l&#8217;aide du g\u00e9n\u00e9rateur de mod\u00e8les de mentions l\u00e9gales et conditions d&#8217;utilisation en ligne le 15\/6\/2022.<\/p><p>\u00a0<\/p>\t\t\t\t\t\t\t\t<\/div>\n\t\t\t\t<\/div>\n\t\t\t\t\t<\/div>\n\t\t<\/div>\n\t\t\t\t\t<\/div>\n\t\t<\/section>\n\t\t\t\t<\/div>\n\t\t","protected":false},"excerpt":{"rendered":"<p>AVIS JURIDIQUE ET CONDITIONS G\u00c9N\u00c9RALES D&#8217;UTILISATION www.hotelaatu.com I. INFORMATIONS G\u00c9N\u00c9RALES Conform\u00e9ment \u00e0 l&#8217;obligation de fournir les informations pr\u00e9vues par la loi 34\/2002 sur les services de la soci\u00e9t\u00e9 de l&#8217;information et le commerce \u00e9lectronique (LSSI-CE) du 11 juillet, les informations g\u00e9n\u00e9rales suivantes sur ce site Web sont fournies ci-dessous : La propri\u00e9t\u00e9 de ce site [&hellip;]<\/p>\n","protected":false},"author":1,"featured_media":0,"parent":0,"menu_order":0,"comment_status":"closed","ping_status":"closed","template":"elementor_header_footer","meta":{"_acf_changed":false,"footnotes":""},"class_list":["post-119","page","type-page","status-publish","hentry"],"acf":[],"yoast_head":"<!-- This site is optimized with the Yoast SEO plugin v27.3 - https:\/\/yoast.com\/product\/yoast-seo-wordpress\/ -->\n<title>Avis juridiques - Franc\u00e9s<\/title>\n<meta name=\"description\" content=\"Le pr\u00e9sent avis juridique r\u00e9git les conditions g\u00e9n\u00e9rales d&#039;acc\u00e8s et d&#039;utilisation du site web accessible \u00e0 l&#039;adresse .....\" \/>\n<meta name=\"robots\" content=\"noindex, nofollow\" \/>\n<meta property=\"og:locale\" content=\"es_ES\" \/>\n<meta property=\"og:type\" content=\"article\" \/>\n<meta property=\"og:title\" content=\"Avis juridiques - Franc\u00e9s\" \/>\n<meta property=\"og:description\" content=\"Le pr\u00e9sent avis juridique r\u00e9git les conditions g\u00e9n\u00e9rales d&#039;acc\u00e8s et d&#039;utilisation du site web accessible \u00e0 l&#039;adresse .....\" \/>\n<meta property=\"og:url\" content=\"https:\/\/hotelaatu.com\/fr\/avis-juridiques\/\" \/>\n<meta property=\"og:site_name\" content=\"Franc\u00e9s\" \/>\n<meta property=\"article:modified_time\" content=\"2023-04-20T14:41:20+00:00\" \/>\n<meta name=\"twitter:card\" content=\"summary_large_image\" \/>\n<meta name=\"twitter:label1\" content=\"Tiempo de lectura\" \/>\n\t<meta name=\"twitter:data1\" content=\"8 minutos\" \/>\n<script type=\"application\/ld+json\" class=\"yoast-schema-graph\">{\"@context\":\"https:\\\/\\\/schema.org\",\"@graph\":[{\"@type\":\"WebPage\",\"@id\":\"https:\\\/\\\/hotelaatu.com\\\/fr\\\/avis-juridiques\\\/\",\"url\":\"https:\\\/\\\/hotelaatu.com\\\/fr\\\/avis-juridiques\\\/\",\"name\":\"Avis juridiques - Franc\u00e9s\",\"isPartOf\":{\"@id\":\"https:\\\/\\\/hotelaatu.com\\\/fr\\\/#website\"},\"datePublished\":\"2020-02-12T12:52:01+00:00\",\"dateModified\":\"2023-04-20T14:41:20+00:00\",\"description\":\"Le pr\u00e9sent avis juridique r\u00e9git les conditions g\u00e9n\u00e9rales d'acc\u00e8s et d'utilisation du site web accessible \u00e0 l'adresse .....\",\"breadcrumb\":{\"@id\":\"https:\\\/\\\/hotelaatu.com\\\/fr\\\/avis-juridiques\\\/#breadcrumb\"},\"inLanguage\":\"es\",\"potentialAction\":[{\"@type\":\"ReadAction\",\"target\":[\"https:\\\/\\\/hotelaatu.com\\\/fr\\\/avis-juridiques\\\/\"]}]},{\"@type\":\"BreadcrumbList\",\"@id\":\"https:\\\/\\\/hotelaatu.com\\\/fr\\\/avis-juridiques\\\/#breadcrumb\",\"itemListElement\":[{\"@type\":\"ListItem\",\"position\":1,\"name\":\"Portada\",\"item\":\"https:\\\/\\\/hotelaatu.com\\\/fr\\\/\"},{\"@type\":\"ListItem\",\"position\":2,\"name\":\"Avis juridiques\"}]},{\"@type\":\"WebSite\",\"@id\":\"https:\\\/\\\/hotelaatu.com\\\/fr\\\/#website\",\"url\":\"https:\\\/\\\/hotelaatu.com\\\/fr\\\/\",\"name\":\"Franc\u00e9s\",\"description\":\"Lujoso hotel r\u00fastico en Peratallada, Girona.\",\"publisher\":{\"@id\":\"https:\\\/\\\/hotelaatu.com\\\/fr\\\/#organization\"},\"potentialAction\":[{\"@type\":\"SearchAction\",\"target\":{\"@type\":\"EntryPoint\",\"urlTemplate\":\"https:\\\/\\\/hotelaatu.com\\\/fr\\\/?s={search_term_string}\"},\"query-input\":{\"@type\":\"PropertyValueSpecification\",\"valueRequired\":true,\"valueName\":\"search_term_string\"}}],\"inLanguage\":\"es\"},{\"@type\":\"Organization\",\"@id\":\"https:\\\/\\\/hotelaatu.com\\\/fr\\\/#organization\",\"name\":\"Hotel Aatu\",\"url\":\"https:\\\/\\\/hotelaatu.com\\\/fr\\\/\",\"logo\":{\"@type\":\"ImageObject\",\"inLanguage\":\"es\",\"@id\":\"https:\\\/\\\/hotelaatu.com\\\/fr\\\/#\\\/schema\\\/logo\\\/image\\\/\",\"url\":\"https:\\\/\\\/hotelaatu.com\\\/wp-content\\\/uploads\\\/hotel_aatu_nuevo-logo-naranja.png\",\"contentUrl\":\"https:\\\/\\\/hotelaatu.com\\\/wp-content\\\/uploads\\\/hotel_aatu_nuevo-logo-naranja.png\",\"width\":681,\"height\":200,\"caption\":\"Hotel Aatu\"},\"image\":{\"@id\":\"https:\\\/\\\/hotelaatu.com\\\/fr\\\/#\\\/schema\\\/logo\\\/image\\\/\"}}]}<\/script>\n<!-- \/ Yoast SEO plugin. -->","yoast_head_json":{"title":"Avis juridiques - Franc\u00e9s","description":"Le pr\u00e9sent avis juridique r\u00e9git les conditions g\u00e9n\u00e9rales d'acc\u00e8s et d'utilisation du site web accessible \u00e0 l'adresse .....","robots":{"index":"noindex","follow":"nofollow"},"og_locale":"es_ES","og_type":"article","og_title":"Avis juridiques - Franc\u00e9s","og_description":"Le pr\u00e9sent avis juridique r\u00e9git les conditions g\u00e9n\u00e9rales d'acc\u00e8s et d'utilisation du site web accessible \u00e0 l'adresse .....","og_url":"https:\/\/hotelaatu.com\/fr\/avis-juridiques\/","og_site_name":"Franc\u00e9s","article_modified_time":"2023-04-20T14:41:20+00:00","twitter_card":"summary_large_image","twitter_misc":{"Tiempo de lectura":"8 minutos"},"schema":{"@context":"https:\/\/schema.org","@graph":[{"@type":"WebPage","@id":"https:\/\/hotelaatu.com\/fr\/avis-juridiques\/","url":"https:\/\/hotelaatu.com\/fr\/avis-juridiques\/","name":"Avis juridiques - Franc\u00e9s","isPartOf":{"@id":"https:\/\/hotelaatu.com\/fr\/#website"},"datePublished":"2020-02-12T12:52:01+00:00","dateModified":"2023-04-20T14:41:20+00:00","description":"Le pr\u00e9sent avis juridique r\u00e9git les conditions g\u00e9n\u00e9rales d'acc\u00e8s et d'utilisation du site web accessible \u00e0 l'adresse .....","breadcrumb":{"@id":"https:\/\/hotelaatu.com\/fr\/avis-juridiques\/#breadcrumb"},"inLanguage":"es","potentialAction":[{"@type":"ReadAction","target":["https:\/\/hotelaatu.com\/fr\/avis-juridiques\/"]}]},{"@type":"BreadcrumbList","@id":"https:\/\/hotelaatu.com\/fr\/avis-juridiques\/#breadcrumb","itemListElement":[{"@type":"ListItem","position":1,"name":"Portada","item":"https:\/\/hotelaatu.com\/fr\/"},{"@type":"ListItem","position":2,"name":"Avis juridiques"}]},{"@type":"WebSite","@id":"https:\/\/hotelaatu.com\/fr\/#website","url":"https:\/\/hotelaatu.com\/fr\/","name":"Franc\u00e9s","description":"Lujoso hotel r\u00fastico en Peratallada, Girona.","publisher":{"@id":"https:\/\/hotelaatu.com\/fr\/#organization"},"potentialAction":[{"@type":"SearchAction","target":{"@type":"EntryPoint","urlTemplate":"https:\/\/hotelaatu.com\/fr\/?s={search_term_string}"},"query-input":{"@type":"PropertyValueSpecification","valueRequired":true,"valueName":"search_term_string"}}],"inLanguage":"es"},{"@type":"Organization","@id":"https:\/\/hotelaatu.com\/fr\/#organization","name":"Hotel Aatu","url":"https:\/\/hotelaatu.com\/fr\/","logo":{"@type":"ImageObject","inLanguage":"es","@id":"https:\/\/hotelaatu.com\/fr\/#\/schema\/logo\/image\/","url":"https:\/\/hotelaatu.com\/wp-content\/uploads\/hotel_aatu_nuevo-logo-naranja.png","contentUrl":"https:\/\/hotelaatu.com\/wp-content\/uploads\/hotel_aatu_nuevo-logo-naranja.png","width":681,"height":200,"caption":"Hotel Aatu"},"image":{"@id":"https:\/\/hotelaatu.com\/fr\/#\/schema\/logo\/image\/"}}]}},"_links":{"self":[{"href":"https:\/\/hotelaatu.com\/fr\/wp-json\/wp\/v2\/pages\/119","targetHints":{"allow":["GET"]}}],"collection":[{"href":"https:\/\/hotelaatu.com\/fr\/wp-json\/wp\/v2\/pages"}],"about":[{"href":"https:\/\/hotelaatu.com\/fr\/wp-json\/wp\/v2\/types\/page"}],"author":[{"embeddable":true,"href":"https:\/\/hotelaatu.com\/fr\/wp-json\/wp\/v2\/users\/1"}],"replies":[{"embeddable":true,"href":"https:\/\/hotelaatu.com\/fr\/wp-json\/wp\/v2\/comments?post=119"}],"version-history":[{"count":5,"href":"https:\/\/hotelaatu.com\/fr\/wp-json\/wp\/v2\/pages\/119\/revisions"}],"predecessor-version":[{"id":5262,"href":"https:\/\/hotelaatu.com\/fr\/wp-json\/wp\/v2\/pages\/119\/revisions\/5262"}],"wp:attachment":[{"href":"https:\/\/hotelaatu.com\/fr\/wp-json\/wp\/v2\/media?parent=119"}],"curies":[{"name":"wp","href":"https:\/\/api.w.org\/{rel}","templated":true}]}}