{"id":121,"date":"2020-02-12T13:52:19","date_gmt":"2020-02-12T12:52:19","guid":{"rendered":"https:\/\/hotelaatu.com\/?page_id=121"},"modified":"2023-04-20T17:00:43","modified_gmt":"2023-04-20T15:00:43","slug":"politique-de-cookies","status":"publish","type":"page","link":"https:\/\/hotelaatu.com\/fr\/politique-de-cookies\/","title":{"rendered":"Politique de cookies"},"content":{"rendered":"\t\t<div data-elementor-type=\"wp-page\" data-elementor-id=\"121\" class=\"elementor elementor-121\" data-elementor-post-type=\"page\">\n\t\t\t\t\t\t<section class=\"elementor-section elementor-top-section elementor-element elementor-element-1d04c967 elementor-section-boxed elementor-section-height-default elementor-section-height-default\" data-id=\"1d04c967\" data-element_type=\"section\" data-e-type=\"section\">\n\t\t\t\t\t\t<div class=\"elementor-container elementor-column-gap-default\">\n\t\t\t\t\t<div class=\"elementor-column elementor-col-100 elementor-top-column elementor-element elementor-element-46b69de8\" data-id=\"46b69de8\" data-element_type=\"column\" data-e-type=\"column\">\n\t\t\t<div class=\"elementor-widget-wrap elementor-element-populated\">\n\t\t\t\t\t\t<div class=\"elementor-element elementor-element-7940c312 elementor-widget elementor-widget-text-editor\" data-id=\"7940c312\" data-element_type=\"widget\" data-e-type=\"widget\" data-widget_type=\"text-editor.default\">\n\t\t\t\t<div class=\"elementor-widget-container\">\n\t\t\t\t\t\t\t\t\t<h1>POLITIQUE DE COOKIES<\/h1><p>www.hotelaatu.com<\/p><p>L&#8217;acc\u00e8s \u00e0 ce site Web peut impliquer l&#8217;utilisation de cookies. Les cookies sont de petites quantit\u00e9s d&#8217;informations qui sont stock\u00e9es dans le navigateur utilis\u00e9 par chaque utilisateur &#8211; dans les diff\u00e9rents dispositifs qui peuvent \u00eatre utilis\u00e9s pour naviguer &#8211; afin que le serveur se souvienne de certaines informations qui ne seront ensuite lues que par le serveur qui les a impl\u00e9ment\u00e9es. Les cookies facilitent la navigation, la rendent plus conviviale et n&#8217;endommagent pas le dispositif de navigation.<\/p><p>Les cookies sont des proc\u00e9dures automatiques de collecte d&#8217;informations relatives aux pr\u00e9f\u00e9rences d\u00e9termin\u00e9es par l&#8217;utilisateur lors de sa visite sur le site Web afin de le reconna\u00eetre en tant qu&#8217;utilisateur et de personnaliser son exp\u00e9rience et son utilisation du site Web, et peuvent \u00e9galement, par exemple, aider \u00e0 identifier et \u00e0 r\u00e9soudre les erreurs.<\/p><p>Les informations collect\u00e9es par les cookies peuvent inclure la date et l&#8217;heure des visites sur le site web, les pages consult\u00e9es, le temps pass\u00e9 sur le site web et les sites visit\u00e9s juste avant et juste apr\u00e8s le site web. Toutefois, aucun cookie ne permet de contacter le num\u00e9ro de t\u00e9l\u00e9phone de l&#8217;utilisateur ou tout autre moyen de contact personnel. Aucun cookie ne peut extraire des informations du disque dur de l&#8217;utilisateur ou voler des informations personnelles. Le seul moyen pour que les informations priv\u00e9es de l&#8217;utilisateur fassent partie du fichier Cookie est que l&#8217;utilisateur donne personnellement ces informations au serveur.<\/p><p>Les cookies qui permettent d&#8217;identifier une personne sont consid\u00e9r\u00e9s comme des donn\u00e9es personnelles. Par cons\u00e9quent, la politique de confidentialit\u00e9 susmentionn\u00e9e s&#8217;applique \u00e0 eux. En ce sens, le consentement de l&#8217;utilisateur sera n\u00e9cessaire pour l&#8217;utilisation des cookies. Ce consentement sera communiqu\u00e9, sur la base d&#8217;un choix r\u00e9el, offert par le biais d&#8217;une d\u00e9cision affirmative et positive, avant le traitement initial, amovible et document\u00e9.<\/p><p>Cookies propres<br \/><br \/>Il s&#8217;agit de cookies envoy\u00e9s \u00e0 l&#8217;ordinateur ou au dispositif de l&#8217;utilisateur et g\u00e9r\u00e9s exclusivement par HOTEL AATU pour le meilleur fonctionnement du site Web. Les informations collect\u00e9es sont utilis\u00e9es pour am\u00e9liorer la qualit\u00e9 du site Web et de son contenu ainsi que votre exp\u00e9rience en tant qu&#8217;utilisateur. Ces cookies permettent de reconna\u00eetre l&#8217;Utilisateur en tant que visiteur r\u00e9current du Site et d&#8217;adapter le contenu afin de lui proposer un contenu qui corresponde \u00e0 ses pr\u00e9f\u00e9rences :<br \/><br \/>wordpress_test_cookie : cookie propre qui enregistre votre acceptation de la politique en mati\u00e8re de cookies de www.hotelaatu.com. Il dure jusqu&#8217;\u00e0 la fin de la session.<\/p><h2>Cookies pour les m\u00e9dias sociaux<\/h2><p>HOTEL AATU incorpore des plugins de r\u00e9seaux sociaux, qui permettent d&#8217;y acc\u00e9der \u00e0 partir du site Web. Pour cette raison, des cookies de r\u00e9seaux sociaux peuvent \u00eatre stock\u00e9s dans le navigateur de l&#8217;utilisateur. Les propri\u00e9taires de ces r\u00e9seaux sociaux ont leurs propres politiques de protection des donn\u00e9es et de cookies, \u00e9tant eux-m\u00eames, dans chaque cas, responsables de leurs propres fichiers et de leurs propres pratiques de confidentialit\u00e9. L&#8217;utilisateur doit s&#8217;y r\u00e9f\u00e9rer pour obtenir des informations sur ces cookies et, le cas \u00e9ch\u00e9ant, sur le traitement de ses donn\u00e9es personnelles. \u00c0 titre d&#8217;information uniquement, les liens permettant de consulter ces politiques de confidentialit\u00e9 et\/ou de cookies sont indiqu\u00e9s ci-dessous :<\/p><ul><li><b>Facebook:<\/b> https:\/\/www.facebook.com\/policies\/cookies\/<\/li><li><b>Twitter:<\/b> https:\/\/twitter.com\/es\/privacy<\/li><li><b>Instagram:<\/b> https:\/\/help.instagram.com\/1896641480634370?ref=ig<\/li><li><b>YouTube:<\/b> https:\/\/policies.google.com\/privacy?hl=es-419&amp;gl=mx<\/li><li><b>Pinterest:<\/b> https:\/\/policy.pinterest.com\/es\/privacy-policy<\/li><li><b>LinkedIn:<\/b> https:\/\/www.linkedin.com\/legal\/cookie-policy?trk=hp-cookies<\/li><\/ul><h2>D\u00e9sactivation, rejet et suppression des cookies<\/h2><p>L&#8217;utilisateur peut d\u00e9sactiver, refuser et supprimer les cookies &#8211; en tout ou en partie &#8211; install\u00e9s sur son appareil en configurant son navigateur (notamment Chrome, Firefox, Safari, Explorer). A cet \u00e9gard, les proc\u00e9dures de refus et de suppression des cookies peuvent diff\u00e9rer d&#8217;un navigateur Internet \u00e0 l&#8217;autre. Par cons\u00e9quent, l&#8217;Utilisateur doit suivre les instructions fournies par le navigateur Internet qu&#8217;il utilise. Si vous refusez l&#8217;utilisation de cookies &#8211; en tout ou en partie &#8211; vous pouvez continuer \u00e0 utiliser le site Web, bien que l&#8217;utilisation de certaines de ses fonctions puisse \u00eatre limit\u00e9e.<\/p><p>Ce document de politique en mati\u00e8re de cookies a \u00e9t\u00e9 cr\u00e9\u00e9 \u00e0 l&#8217;aide du g\u00e9n\u00e9rateur de mod\u00e8les de politique en mati\u00e8re de cookies en ligne le 15\/6\/2022.<\/p><p>\u00a0<\/p>\t\t\t\t\t\t\t\t<\/div>\n\t\t\t\t<\/div>\n\t\t\t\t\t<\/div>\n\t\t<\/div>\n\t\t\t\t\t<\/div>\n\t\t<\/section>\n\t\t\t\t<\/div>\n\t\t","protected":false},"excerpt":{"rendered":"<p>POLITIQUE DE COOKIES www.hotelaatu.com L&#8217;acc\u00e8s \u00e0 ce site Web peut impliquer l&#8217;utilisation de cookies. Les cookies sont de petites quantit\u00e9s d&#8217;informations qui sont stock\u00e9es dans le navigateur utilis\u00e9 par chaque utilisateur &#8211; dans les diff\u00e9rents dispositifs qui peuvent \u00eatre utilis\u00e9s pour naviguer &#8211; afin que le serveur se souvienne de certaines informations qui ne seront [&hellip;]<\/p>\n","protected":false},"author":1,"featured_media":0,"parent":0,"menu_order":0,"comment_status":"closed","ping_status":"closed","template":"elementor_header_footer","meta":{"_acf_changed":false,"footnotes":""},"class_list":["post-121","page","type-page","status-publish","hentry"],"acf":[],"yoast_head":"<!-- This site is optimized with the Yoast SEO plugin v27.3 - https:\/\/yoast.com\/product\/yoast-seo-wordpress\/ -->\n<title>Politique de cookies - Franc\u00e9s<\/title>\n<meta name=\"description\" content=\"Politique de cookies\" \/>\n<meta name=\"robots\" content=\"noindex, nofollow\" \/>\n<meta property=\"og:locale\" content=\"es_ES\" \/>\n<meta property=\"og:type\" content=\"article\" \/>\n<meta property=\"og:title\" content=\"Politique de cookies - Franc\u00e9s\" \/>\n<meta property=\"og:description\" content=\"Politique de cookies\" \/>\n<meta property=\"og:url\" content=\"https:\/\/hotelaatu.com\/fr\/politique-de-cookies\/\" \/>\n<meta property=\"og:site_name\" content=\"Franc\u00e9s\" \/>\n<meta property=\"article:modified_time\" content=\"2023-04-20T15:00:43+00:00\" \/>\n<meta name=\"twitter:card\" content=\"summary_large_image\" \/>\n<meta name=\"twitter:label1\" content=\"Tiempo de lectura\" \/>\n\t<meta name=\"twitter:data1\" content=\"3 minutos\" \/>\n<script type=\"application\/ld+json\" class=\"yoast-schema-graph\">{\"@context\":\"https:\\\/\\\/schema.org\",\"@graph\":[{\"@type\":\"WebPage\",\"@id\":\"https:\\\/\\\/hotelaatu.com\\\/fr\\\/politique-de-cookies\\\/\",\"url\":\"https:\\\/\\\/hotelaatu.com\\\/fr\\\/politique-de-cookies\\\/\",\"name\":\"Politique de cookies - Franc\u00e9s\",\"isPartOf\":{\"@id\":\"https:\\\/\\\/hotelaatu.com\\\/fr\\\/#website\"},\"datePublished\":\"2020-02-12T12:52:19+00:00\",\"dateModified\":\"2023-04-20T15:00:43+00:00\",\"description\":\"Politique de cookies\",\"breadcrumb\":{\"@id\":\"https:\\\/\\\/hotelaatu.com\\\/fr\\\/politique-de-cookies\\\/#breadcrumb\"},\"inLanguage\":\"es\",\"potentialAction\":[{\"@type\":\"ReadAction\",\"target\":[\"https:\\\/\\\/hotelaatu.com\\\/fr\\\/politique-de-cookies\\\/\"]}]},{\"@type\":\"BreadcrumbList\",\"@id\":\"https:\\\/\\\/hotelaatu.com\\\/fr\\\/politique-de-cookies\\\/#breadcrumb\",\"itemListElement\":[{\"@type\":\"ListItem\",\"position\":1,\"name\":\"Portada\",\"item\":\"https:\\\/\\\/hotelaatu.com\\\/fr\\\/\"},{\"@type\":\"ListItem\",\"position\":2,\"name\":\"Politique de cookies\"}]},{\"@type\":\"WebSite\",\"@id\":\"https:\\\/\\\/hotelaatu.com\\\/fr\\\/#website\",\"url\":\"https:\\\/\\\/hotelaatu.com\\\/fr\\\/\",\"name\":\"Franc\u00e9s\",\"description\":\"Lujoso hotel r\u00fastico en Peratallada, Girona.\",\"publisher\":{\"@id\":\"https:\\\/\\\/hotelaatu.com\\\/fr\\\/#organization\"},\"potentialAction\":[{\"@type\":\"SearchAction\",\"target\":{\"@type\":\"EntryPoint\",\"urlTemplate\":\"https:\\\/\\\/hotelaatu.com\\\/fr\\\/?s={search_term_string}\"},\"query-input\":{\"@type\":\"PropertyValueSpecification\",\"valueRequired\":true,\"valueName\":\"search_term_string\"}}],\"inLanguage\":\"es\"},{\"@type\":\"Organization\",\"@id\":\"https:\\\/\\\/hotelaatu.com\\\/fr\\\/#organization\",\"name\":\"Hotel Aatu\",\"url\":\"https:\\\/\\\/hotelaatu.com\\\/fr\\\/\",\"logo\":{\"@type\":\"ImageObject\",\"inLanguage\":\"es\",\"@id\":\"https:\\\/\\\/hotelaatu.com\\\/fr\\\/#\\\/schema\\\/logo\\\/image\\\/\",\"url\":\"https:\\\/\\\/hotelaatu.com\\\/wp-content\\\/uploads\\\/hotel_aatu_nuevo-logo-naranja.png\",\"contentUrl\":\"https:\\\/\\\/hotelaatu.com\\\/wp-content\\\/uploads\\\/hotel_aatu_nuevo-logo-naranja.png\",\"width\":681,\"height\":200,\"caption\":\"Hotel Aatu\"},\"image\":{\"@id\":\"https:\\\/\\\/hotelaatu.com\\\/fr\\\/#\\\/schema\\\/logo\\\/image\\\/\"}}]}<\/script>\n<!-- \/ Yoast SEO plugin. -->","yoast_head_json":{"title":"Politique de cookies - Franc\u00e9s","description":"Politique de cookies","robots":{"index":"noindex","follow":"nofollow"},"og_locale":"es_ES","og_type":"article","og_title":"Politique de cookies - Franc\u00e9s","og_description":"Politique de cookies","og_url":"https:\/\/hotelaatu.com\/fr\/politique-de-cookies\/","og_site_name":"Franc\u00e9s","article_modified_time":"2023-04-20T15:00:43+00:00","twitter_card":"summary_large_image","twitter_misc":{"Tiempo de lectura":"3 minutos"},"schema":{"@context":"https:\/\/schema.org","@graph":[{"@type":"WebPage","@id":"https:\/\/hotelaatu.com\/fr\/politique-de-cookies\/","url":"https:\/\/hotelaatu.com\/fr\/politique-de-cookies\/","name":"Politique de cookies - Franc\u00e9s","isPartOf":{"@id":"https:\/\/hotelaatu.com\/fr\/#website"},"datePublished":"2020-02-12T12:52:19+00:00","dateModified":"2023-04-20T15:00:43+00:00","description":"Politique de cookies","breadcrumb":{"@id":"https:\/\/hotelaatu.com\/fr\/politique-de-cookies\/#breadcrumb"},"inLanguage":"es","potentialAction":[{"@type":"ReadAction","target":["https:\/\/hotelaatu.com\/fr\/politique-de-cookies\/"]}]},{"@type":"BreadcrumbList","@id":"https:\/\/hotelaatu.com\/fr\/politique-de-cookies\/#breadcrumb","itemListElement":[{"@type":"ListItem","position":1,"name":"Portada","item":"https:\/\/hotelaatu.com\/fr\/"},{"@type":"ListItem","position":2,"name":"Politique de cookies"}]},{"@type":"WebSite","@id":"https:\/\/hotelaatu.com\/fr\/#website","url":"https:\/\/hotelaatu.com\/fr\/","name":"Franc\u00e9s","description":"Lujoso hotel r\u00fastico en Peratallada, Girona.","publisher":{"@id":"https:\/\/hotelaatu.com\/fr\/#organization"},"potentialAction":[{"@type":"SearchAction","target":{"@type":"EntryPoint","urlTemplate":"https:\/\/hotelaatu.com\/fr\/?s={search_term_string}"},"query-input":{"@type":"PropertyValueSpecification","valueRequired":true,"valueName":"search_term_string"}}],"inLanguage":"es"},{"@type":"Organization","@id":"https:\/\/hotelaatu.com\/fr\/#organization","name":"Hotel Aatu","url":"https:\/\/hotelaatu.com\/fr\/","logo":{"@type":"ImageObject","inLanguage":"es","@id":"https:\/\/hotelaatu.com\/fr\/#\/schema\/logo\/image\/","url":"https:\/\/hotelaatu.com\/wp-content\/uploads\/hotel_aatu_nuevo-logo-naranja.png","contentUrl":"https:\/\/hotelaatu.com\/wp-content\/uploads\/hotel_aatu_nuevo-logo-naranja.png","width":681,"height":200,"caption":"Hotel Aatu"},"image":{"@id":"https:\/\/hotelaatu.com\/fr\/#\/schema\/logo\/image\/"}}]}},"_links":{"self":[{"href":"https:\/\/hotelaatu.com\/fr\/wp-json\/wp\/v2\/pages\/121","targetHints":{"allow":["GET"]}}],"collection":[{"href":"https:\/\/hotelaatu.com\/fr\/wp-json\/wp\/v2\/pages"}],"about":[{"href":"https:\/\/hotelaatu.com\/fr\/wp-json\/wp\/v2\/types\/page"}],"author":[{"embeddable":true,"href":"https:\/\/hotelaatu.com\/fr\/wp-json\/wp\/v2\/users\/1"}],"replies":[{"embeddable":true,"href":"https:\/\/hotelaatu.com\/fr\/wp-json\/wp\/v2\/comments?post=121"}],"version-history":[{"count":5,"href":"https:\/\/hotelaatu.com\/fr\/wp-json\/wp\/v2\/pages\/121\/revisions"}],"predecessor-version":[{"id":5284,"href":"https:\/\/hotelaatu.com\/fr\/wp-json\/wp\/v2\/pages\/121\/revisions\/5284"}],"wp:attachment":[{"href":"https:\/\/hotelaatu.com\/fr\/wp-json\/wp\/v2\/media?parent=121"}],"curies":[{"name":"wp","href":"https:\/\/api.w.org\/{rel}","templated":true}]}}